{"id":19,"date":"2024-10-04T12:13:30","date_gmt":"2024-10-04T10:13:30","guid":{"rendered":"http:\/\/www.entre-pattes-a-la-mirette.fr\/?page_id=19"},"modified":"2025-05-22T10:42:00","modified_gmt":"2025-05-22T08:42:00","slug":"services-et-tarifs","status":"publish","type":"page","link":"https:\/\/www.entre-pattes-a-la-mirette.fr\/index.php\/services-et-tarifs\/","title":{"rendered":"Services et Tarifs"},"content":{"rendered":"<nav class=\"is-responsive items-justified-right alignwide wp-block-navigation is-content-justification-right is-layout-flex wp-container-core-navigation-is-layout-d445cf74 wp-block-navigation-is-layout-flex\" aria-label=\"Navigation\" \n\t\t data-wp-interactive=\"core\/navigation\" data-wp-context='{\"overlayOpenedBy\":{\"click\":false,\"hover\":false,\"focus\":false},\"type\":\"overlay\",\"roleAttribute\":\"\",\"ariaLabel\":\"Menu\"}'><button aria-haspopup=\"dialog\" aria-label=\"Ouvrir le menu\" class=\"wp-block-navigation__responsive-container-open\" \n\t\t\t\tdata-wp-on--click=\"actions.openMenuOnClick\"\n\t\t\t\tdata-wp-on--keydown=\"actions.handleMenuKeydown\"\n\t\t\t><svg width=\"24\" height=\"24\" xmlns=\"http:\/\/www.w3.org\/2000\/svg\" viewBox=\"0 0 24 24\" aria-hidden=\"true\" focusable=\"false\"><path d=\"M4 7.5h16v1.5H4z\"><\/path><path d=\"M4 15h16v1.5H4z\"><\/path><\/svg><\/button>\n\t\t\t\t<div class=\"wp-block-navigation__responsive-container\"  id=\"modal-1\" \n\t\t\t\tdata-wp-class--has-modal-open=\"state.isMenuOpen\"\n\t\t\t\tdata-wp-class--is-menu-open=\"state.isMenuOpen\"\n\t\t\t\tdata-wp-watch=\"callbacks.initMenu\"\n\t\t\t\tdata-wp-on--keydown=\"actions.handleMenuKeydown\"\n\t\t\t\tdata-wp-on--focusout=\"actions.handleMenuFocusout\"\n\t\t\t\ttabindex=\"-1\"\n\t\t\t>\n\t\t\t\t\t<div class=\"wp-block-navigation__responsive-close\" tabindex=\"-1\">\n\t\t\t\t\t\t<div class=\"wp-block-navigation__responsive-dialog\" \n\t\t\t\tdata-wp-bind--aria-modal=\"state.ariaModal\"\n\t\t\t\tdata-wp-bind--aria-label=\"state.ariaLabel\"\n\t\t\t\tdata-wp-bind--role=\"state.roleAttribute\"\n\t\t\t>\n\t\t\t\t\t\t\t<button aria-label=\"Fermer le menu\" class=\"wp-block-navigation__responsive-container-close\" \n\t\t\t\tdata-wp-on--click=\"actions.closeMenuOnClick\"\n\t\t\t><svg xmlns=\"http:\/\/www.w3.org\/2000\/svg\" viewBox=\"0 0 24 24\" width=\"24\" height=\"24\" aria-hidden=\"true\" focusable=\"false\"><path d=\"m13.06 12 6.47-6.47-1.06-1.06L12 10.94 5.53 4.47 4.47 5.53 10.94 12l-6.47 6.47 1.06 1.06L12 13.06l6.47 6.47 1.06-1.06L13.06 12Z\"><\/path><\/svg><\/button>\n\t\t\t\t\t\t\t<div class=\"wp-block-navigation__responsive-container-content\" \n\t\t\t\tdata-wp-watch=\"callbacks.focusFirstElement\"\n\t\t\t id=\"modal-1-content\">\n\t\t\t\t\t\t\t\t<ul class=\"wp-block-navigation__container is-responsive items-justified-right alignwide wp-block-navigation\"><li class=\" wp-block-navigation-item wp-block-navigation-link\"><a class=\"wp-block-navigation-item__content\"  href=\"https:\/\/www.entre-pattes-a-la-mirette.fr\/\"><span class=\"wp-block-navigation-item__label\">Page d\u2019accueil<\/span><\/a><\/li><li class=\" wp-block-navigation-item wp-block-navigation-link\"><a class=\"wp-block-navigation-item__content\"  href=\"https:\/\/www.entre-pattes-a-la-mirette.fr\/index.php\/services-et-tarifs\/\"><span class=\"wp-block-navigation-item__label\">Services et Tarifs<\/span><\/a><\/li><li class=\" wp-block-navigation-item wp-block-navigation-link\"><a class=\"wp-block-navigation-item__content\"  href=\"https:\/\/www.entre-pattes-a-la-mirette.fr\/index.php\/contact\/\"><span class=\"wp-block-navigation-item__label\">Contact<\/span><\/a><\/li><\/ul>\n\t\t\t\t\t\t\t<\/div>\n\t\t\t\t\t\t<\/div>\n\t\t\t\t\t<\/div>\n\t\t\t\t<\/div><\/nav>\n\n\n<div style=\"height:35px\" aria-hidden=\"true\" class=\"wp-block-spacer\"><\/div>\n\n\n\n<div class=\"wp-block-columns alignfull is-layout-flex wp-container-core-columns-is-layout-28f84493 wp-block-columns-is-layout-flex\">\n<div class=\"wp-block-column is-layout-flow wp-block-column-is-layout-flow\">\n<p class=\"has-text-align-center\"><strong>Garde de chiens<\/strong><\/p>\n<\/div>\n\n\n\n<div class=\"wp-block-column is-layout-flow wp-block-column-is-layout-flow\">\n<p class=\"has-text-align-center\"><strong>Promenade Foresti\u00e8re et Aquatique<\/strong><\/p>\n<\/div>\n<\/div>\n\n\n\n<div class=\"wp-block-columns alignfull is-layout-flex wp-container-core-columns-is-layout-28f84493 wp-block-columns-is-layout-flex\">\n<div class=\"wp-block-column is-layout-flow wp-block-column-is-layout-flow\">\n<div class=\"wp-block-columns is-layout-flex wp-container-core-columns-is-layout-28f84493 wp-block-columns-is-layout-flex\">\n<div class=\"wp-block-column is-layout-flow wp-block-column-is-layout-flow\">\n<figure class=\"wp-block-image size-full\"><img decoding=\"async\" src=\"https:\/\/www.entre-pattes-a-la-mirette.fr\/wp-content\/uploads\/2024\/10\/IMG_20230916_190731_963.jpg\" alt=\"\" class=\"wp-image-20\"\/><\/figure>\n<\/div>\n\n\n\n<div class=\"wp-block-column is-layout-flow wp-block-column-is-layout-flow\">\n<figure class=\"wp-block-image size-full\"><img decoding=\"async\" src=\"https:\/\/www.entre-pattes-a-la-mirette.fr\/wp-content\/uploads\/2024\/10\/IMG_20240725_162337_267.jpg\" alt=\"\" class=\"wp-image-21\"\/><\/figure>\n<\/div>\n<\/div>\n<\/div>\n\n\n\n<div class=\"wp-block-column is-layout-flow wp-block-column-is-layout-flow\">\n<div class=\"wp-block-columns is-layout-flex wp-container-core-columns-is-layout-28f84493 wp-block-columns-is-layout-flex\">\n<div class=\"wp-block-column is-layout-flow wp-block-column-is-layout-flow\">\n<figure class=\"wp-block-image size-large\"><img loading=\"lazy\" decoding=\"async\" width=\"1080\" height=\"810\" src=\"https:\/\/www.entre-pattes-a-la-mirette.fr\/wp-content\/uploads\/2024\/10\/VID_20240613_173615_exported_3103-edited-1.jpg\" alt=\"\" class=\"wp-image-24\" srcset=\"https:\/\/www.entre-pattes-a-la-mirette.fr\/wp-content\/uploads\/2024\/10\/VID_20240613_173615_exported_3103-edited-1.jpg 1080w, https:\/\/www.entre-pattes-a-la-mirette.fr\/wp-content\/uploads\/2024\/10\/VID_20240613_173615_exported_3103-edited-1-300x225.jpg 300w, https:\/\/www.entre-pattes-a-la-mirette.fr\/wp-content\/uploads\/2024\/10\/VID_20240613_173615_exported_3103-edited-1-1024x768.jpg 1024w, https:\/\/www.entre-pattes-a-la-mirette.fr\/wp-content\/uploads\/2024\/10\/VID_20240613_173615_exported_3103-edited-1-768x576.jpg 768w\" sizes=\"auto, (max-width: 1080px) 100vw, 1080px\" \/><\/figure>\n<\/div>\n\n\n\n<div class=\"wp-block-column is-layout-flow wp-block-column-is-layout-flow\">\n<figure class=\"wp-block-image size-full\"><img decoding=\"async\" src=\"https:\/\/www.entre-pattes-a-la-mirette.fr\/wp-content\/uploads\/2024\/10\/IMG_20240111_155352_610.jpg\" alt=\"\" class=\"wp-image-25\"\/><\/figure>\n<\/div>\n<\/div>\n<\/div>\n<\/div>\n\n\n\n<div class=\"wp-block-columns alignfull is-layout-flex wp-container-core-columns-is-layout-28f84493 wp-block-columns-is-layout-flex\">\n<div class=\"wp-block-column is-layout-flow wp-block-column-is-layout-flow\">\n<p><strong>Les gardes contiennent des balades, des sorties dans le parc canin<\/strong>, de la socialisation avec d&rsquo;autres chiens, ainsi que des moments de repos.<\/p>\n\n\n\n<p>Nous nous adaptons \u00e0 tous les comportements et aux habitudes, afin que chaque chien passe des moments agr\u00e9ables.<\/p>\n\n\n\n<p>Pour le confort de votre animal, nous souhaitons que vous apportiez sa propre nourriture ainsi qu&rsquo;un plaid ou son couchage pour qu&rsquo;ils puissent garder l&rsquo;odeur de votre domicile.<\/p>\n<\/div>\n\n\n\n<div class=\"wp-block-column is-layout-flow wp-block-column-is-layout-flow\">\n<p>Les balades se d\u00e9roulent sur une heure compl\u00e8te au lieu choisi (for\u00eat, plan d&rsquo;eau) le trajet n&rsquo;est pas compris dans la dur\u00e9e de la promenade.<\/p>\n\n\n\n<p>Vous pouvez nous emmener les chiens chez nous ou nous pouvons venir les r\u00e9cup\u00e9rer et les ramener \u00e0 votre domicile.<\/p>\n\n\n\n<p>Les balades se font en groupe pour que les chiens puissent avoir leur moment de socialisations et de jeux. Nous vous promettons des chiens fatigu\u00e9s \u00e0 leur retour. <\/p>\n<\/div>\n<\/div>\n\n\n\n<div style=\"height:36px\" aria-hidden=\"true\" class=\"wp-block-spacer\"><\/div>\n\n\n\n<figure class=\"wp-block-table\"><table class=\"has-fixed-layout\"><tbody><tr><td class=\"has-text-align-left\" data-align=\"left\"><strong>Services<\/strong><\/td><td class=\"has-text-align-center\" data-align=\"center\"><strong>Prix<\/strong><\/td><\/tr><tr><td class=\"has-text-align-left\" data-align=\"left\">Balade d&rsquo;une heure<\/td><td class=\"has-text-align-center\" data-align=\"center\">10\u20ac<\/td><\/tr><tr><td class=\"has-text-align-left\" data-align=\"left\">Garde en journ\u00e9e (+ balade 1h\/jour)<\/td><td class=\"has-text-align-center\" data-align=\"center\">15\u20ac<\/td><\/tr><tr><td class=\"has-text-align-left\" data-align=\"left\">Garde jour + nuit (+ balade 1h\/jour)<\/td><td class=\"has-text-align-center\" data-align=\"center\">20\u20ac<\/td><\/tr><\/tbody><\/table><\/figure>\n\n\n\n<div class=\"wp-block-columns alignfull is-layout-flex wp-container-core-columns-is-layout-28f84493 wp-block-columns-is-layout-flex\">\n<div class=\"wp-block-column is-layout-flow wp-block-column-is-layout-flow\" style=\"flex-basis:100%\">\n<div style=\"height:31px\" aria-hidden=\"true\" class=\"wp-block-spacer\"><\/div>\n\n\n\n<p class=\"has-text-align-center\">Install\u00e9e en auvergne, Livradois forez, Puy-de-D\u00f4me, limitrophe Haute-Loire. Notre pension canine est proche de Ambert, Courpi\u00e8re, Arlanc, Thiers, Cunlhat, saint germain l&rsquo;herme, saint dier d&rsquo;auvergne, Vertolaye, saint anthem, Sauxillanges, Billom, Issoire, Marsac-en-livradois, La Chaise Dieu, Saint-Paulien, Polignac, Le Puy-en-Velay, Usson-en-forez, Paulhaguet, Clermont-Ferrand, All\u00e8gre, Fournols.<\/p>\n<\/div>\n<\/div>\n\n\n\n<p><\/p>\n","protected":false},"excerpt":{"rendered":"<p>Garde de chiens Promenade Foresti\u00e8re et Aquatique Les gardes contiennent des balades, des sorties dans le parc canin, de la socialisation avec d&rsquo;autres chiens, ainsi que des moments de repos. Nous nous adaptons \u00e0 tous les comportements et aux habitudes, afin que chaque chien passe des moments agr\u00e9ables. Pour le confort de votre animal, nous [&hellip;]<\/p>\n","protected":false},"author":1,"featured_media":0,"parent":0,"menu_order":0,"comment_status":"closed","ping_status":"closed","template":"","meta":{"footnotes":""},"class_list":["post-19","page","type-page","status-publish","hentry"],"_links":{"self":[{"href":"https:\/\/www.entre-pattes-a-la-mirette.fr\/index.php\/wp-json\/wp\/v2\/pages\/19","targetHints":{"allow":["GET"]}}],"collection":[{"href":"https:\/\/www.entre-pattes-a-la-mirette.fr\/index.php\/wp-json\/wp\/v2\/pages"}],"about":[{"href":"https:\/\/www.entre-pattes-a-la-mirette.fr\/index.php\/wp-json\/wp\/v2\/types\/page"}],"author":[{"embeddable":true,"href":"https:\/\/www.entre-pattes-a-la-mirette.fr\/index.php\/wp-json\/wp\/v2\/users\/1"}],"replies":[{"embeddable":true,"href":"https:\/\/www.entre-pattes-a-la-mirette.fr\/index.php\/wp-json\/wp\/v2\/comments?post=19"}],"version-history":[{"count":16,"href":"https:\/\/www.entre-pattes-a-la-mirette.fr\/index.php\/wp-json\/wp\/v2\/pages\/19\/revisions"}],"predecessor-version":[{"id":105,"href":"https:\/\/www.entre-pattes-a-la-mirette.fr\/index.php\/wp-json\/wp\/v2\/pages\/19\/revisions\/105"}],"wp:attachment":[{"href":"https:\/\/www.entre-pattes-a-la-mirette.fr\/index.php\/wp-json\/wp\/v2\/media?parent=19"}],"curies":[{"name":"wp","href":"https:\/\/api.w.org\/{rel}","templated":true}]}}